{"id":183,"date":"2023-02-27T20:25:55","date_gmt":"2023-02-27T19:25:55","guid":{"rendered":"https:\/\/opcanner-anker.be\/?page_id=183"},"modified":"2023-03-02T17:27:00","modified_gmt":"2023-03-02T16:27:00","slug":"privacyverklaring","status":"publish","type":"page","link":"https:\/\/opcanner-anker.be\/fr\/privacyverklaring\/","title":{"rendered":"D\u00e9claration de confidentialit\u00e9"},"content":{"rendered":"<p>Nous prenons votre vie priv\u00e9e au s\u00e9rieux et veillons \u00e0 ce que les informations personnelles que nous recueillons aupr\u00e8s de vous soient s\u00e9curis\u00e9es et utilis\u00e9es uniquement aux fins d\u00e9crites ci-dessous.<\/p>\n\n\n\n<p>Quelles donn\u00e9es personnelles collectons-nous :<\/p>\n\n\n\n<ul class=\"wp-block-list\">\n<li>Nom<\/li>\n\n\n\n<li>Adresse e-mail<\/li>\n\n\n\n<li>Num\u00e9ro de t\u00e9l\u00e9phone<\/li>\n<\/ul>\n\n\n\n<p>Comment collectons-nous les donn\u00e9es personnelles :<\/p>\n\n\n\n<ul class=\"wp-block-list\">\n<li>Via le formulaire de r\u00e9servation en ligne sur notre site<\/li>\n\n\n\n<li>Par e-mail ou par t\u00e9l\u00e9phone<\/li>\n<\/ul>\n\n\n\n<p>Pourquoi collectons-nous des donn\u00e9es personnelles :<\/p>\n\n\n\n<ul class=\"wp-block-list\">\n<li>Pour confirmer et g\u00e9rer les r\u00e9servations<\/li>\n\n\n\n<li>Pour tenir nos clients inform\u00e9s des nouveaut\u00e9s et des offres<\/li>\n<\/ul>\n\n\n\n<p>Combien de temps conservons-nous les donn\u00e9es personnelles :<\/p>\n\n\n\n<ul class=\"wp-block-list\">\n<li>Nous conservons les donn\u00e9es personnelles aussi longtemps que n\u00e9cessaire pour nous conformer \u00e0 nos obligations l\u00e9gales et pour remplir les finalit\u00e9s pour lesquelles elles ont \u00e9t\u00e9 collect\u00e9es.<\/li>\n<\/ul>\n\n\n\n<p>Comment les clients peuvent-ils supprimer leurs donn\u00e9es personnelles\u00a0:<\/p>\n\n\n\n<ul class=\"wp-block-list\">\n<li>Les clients peuvent demander \u00e0 tout moment la suppression de leurs donn\u00e9es personnelles en nous contactant \u00e0 <a href=\"mailto:info@opcanner-anker.be\">info@opcanner-anker.be<\/a>.<\/li>\n<\/ul>\n\n\n\n<p>Comment prot\u00e9geons-nous les donn\u00e9es personnelles :<\/p>\n\n\n\n<ul class=\"wp-block-list\">\n<li>Nous avons pris les mesures techniques et organisationnelles appropri\u00e9es pour prot\u00e9ger les donn\u00e9es personnelles contre tout acc\u00e8s non autoris\u00e9, vol, perte ou alt\u00e9ration.<\/li>\n<\/ul>\n\n\n\n<p>Partageons-nous des donn\u00e9es personnelles avec des tiers :<\/p>\n\n\n\n<ul class=\"wp-block-list\">\n<li>Nous ne partageons pas d'informations personnelles avec des tiers, sauf si nous y sommes tenus par la loi.<\/li>\n<\/ul>\n\n\n\n<p>Cookies:<\/p>\n\n\n\n<ul class=\"wp-block-list\">\n<li>Notre site Web utilise des cookies pour analyser et am\u00e9liorer l'utilisation du site Web. Un cookie est un petit fichier texte qui est stock\u00e9 sur votre ordinateur lorsque vous visitez notre site Web. Vous pouvez refuser l'utilisation de cookies en ajustant les param\u00e8tres de votre navigateur.<\/li>\n<\/ul>\n\n\n\n<p>Wijzigingen in onze privacyverklaring:<\/p>\n\n\n\n<ul class=\"wp-block-list\">\n<li>Nous pouvons modifier cette d\u00e9claration de confidentialit\u00e9 de temps \u00e0 autre. Consultez r\u00e9guli\u00e8rement notre site Internet pour rester inform\u00e9 de tout changement.<\/li>\n<\/ul>\n\n\n\n<p>Contact:<\/p>\n\n\n\n<ul class=\"wp-block-list\">\n<li>Si vous avez des questions ou des commentaires concernant notre d\u00e9claration de confidentialit\u00e9, vous pouvez nous contacter \u00e0 <a href=\"mailto:info@opcanner-anker.be\">info@opcanner-anker.be<\/a>.<\/li>\n<\/ul>\n\n\n\n<p>Derni\u00e8re mise \u00e0 jour : 27\/02\/2023 20:33<\/p>","protected":false},"excerpt":{"rendered":"<p>Wij nemen uw privacy serieus en verzekeren dat de persoonlijke gegevens die wij van u verzamelen, veilig worden bewaard en alleen worden gebruikt voor de doeleinden die wij hieronder beschrijven. Welke persoonlijke gegevens verzamelen wij: Hoe verzamelen wij persoonlijke gegevens: Waarom verzamelen wij persoonlijke gegevens: Hoe lang bewaren wij persoonlijke gegevens: Hoe kunnen klanten hun [&hellip;]<\/p>","protected":false},"author":1,"featured_media":117,"parent":0,"menu_order":0,"comment_status":"closed","ping_status":"closed","template":"","meta":{"inline_featured_image":false,"footnotes":""},"class_list":["post-183","page","type-page","status-publish","has-post-thumbnail","hentry"],"yoast_head":"<!-- This site is optimized with the Yoast SEO plugin v27.4 - https:\/\/yoast.com\/product\/yoast-seo-wordpress\/ -->\n<title>Privacyverklaring - Opcanner Anker<\/title>\n<meta name=\"description\" content=\"Bij Opcanner Anker hechten wij veel waarde aan uw privacy. Lees onze privacyverklaring om te weten hoe wij omgaan met uw persoonlijke gegevens.\" \/>\n<meta name=\"robots\" content=\"index, follow, max-snippet:-1, max-image-preview:large, max-video-preview:-1\" \/>\n<link rel=\"canonical\" href=\"https:\/\/opcanner-anker.be\/fr\/privacyverklaring\/\" \/>\n<meta property=\"og:locale\" content=\"fr_FR\" \/>\n<meta property=\"og:type\" content=\"article\" \/>\n<meta property=\"og:title\" content=\"Privacyverklaring - Opcanner Anker\" \/>\n<meta property=\"og:description\" content=\"Bij Opcanner Anker hechten wij veel waarde aan uw privacy. Lees onze privacyverklaring om te weten hoe wij omgaan met uw persoonlijke gegevens.\" \/>\n<meta property=\"og:url\" content=\"https:\/\/opcanner-anker.be\/fr\/privacyverklaring\/\" \/>\n<meta property=\"og:site_name\" content=\"Opcanner Anker\" \/>\n<meta property=\"article:publisher\" content=\"https:\/\/www.facebook.com\/Opcanneranker.be\/\" \/>\n<meta property=\"article:modified_time\" content=\"2023-03-02T16:27:00+00:00\" \/>\n<meta property=\"og:image\" content=\"https:\/\/opcanner-anker.be\/wp-content\/uploads\/2023\/02\/Opcanner-Anker-Logo-Png.png\" \/>\n\t<meta property=\"og:image:width\" content=\"512\" \/>\n\t<meta property=\"og:image:height\" content=\"512\" \/>\n\t<meta property=\"og:image:type\" content=\"image\/png\" \/>\n<meta name=\"twitter:card\" content=\"summary_large_image\" \/>\n<meta name=\"twitter:title\" content=\"Privacyverklaring - Opcanner Anker\" \/>\n<meta name=\"twitter:description\" content=\"Bij Opcanner Anker hechten wij veel waarde aan uw privacy. Lees onze privacyverklaring om te weten hoe wij omgaan met uw persoonlijke gegevens.\" \/>\n<meta name=\"twitter:image\" content=\"https:\/\/opcanner-anker.be\/wp-content\/uploads\/2023\/02\/Opcanner-Anker-Logo-Png.png\" \/>\n<meta name=\"twitter:label1\" content=\"Dur\u00e9e de lecture est.\" \/>\n\t<meta name=\"twitter:data1\" content=\"2 minutes\" \/>\n<script type=\"application\/ld+json\" class=\"yoast-schema-graph\">{\"@context\":\"https:\\\/\\\/schema.org\",\"@graph\":[{\"@type\":\"WebPage\",\"@id\":\"https:\\\/\\\/opcanner-anker.be\\\/privacyverklaring\\\/\",\"url\":\"https:\\\/\\\/opcanner-anker.be\\\/privacyverklaring\\\/\",\"name\":\"Privacyverklaring - Opcanner Anker\",\"isPartOf\":{\"@id\":\"https:\\\/\\\/opcanner-anker.be\\\/#website\"},\"primaryImageOfPage\":{\"@id\":\"https:\\\/\\\/opcanner-anker.be\\\/privacyverklaring\\\/#primaryimage\"},\"image\":{\"@id\":\"https:\\\/\\\/opcanner-anker.be\\\/privacyverklaring\\\/#primaryimage\"},\"thumbnailUrl\":\"https:\\\/\\\/opcanner-anker.be\\\/wp-content\\\/uploads\\\/2023\\\/02\\\/Opcanner-Anker-Logo-Png.png\",\"datePublished\":\"2023-02-27T19:25:55+00:00\",\"dateModified\":\"2023-03-02T16:27:00+00:00\",\"description\":\"Bij Opcanner Anker hechten wij veel waarde aan uw privacy. Lees onze privacyverklaring om te weten hoe wij omgaan met uw persoonlijke gegevens.\",\"breadcrumb\":{\"@id\":\"https:\\\/\\\/opcanner-anker.be\\\/privacyverklaring\\\/#breadcrumb\"},\"inLanguage\":\"fr-BE\",\"potentialAction\":[{\"@type\":\"ReadAction\",\"target\":[\"https:\\\/\\\/opcanner-anker.be\\\/privacyverklaring\\\/\"]}]},{\"@type\":\"ImageObject\",\"inLanguage\":\"fr-BE\",\"@id\":\"https:\\\/\\\/opcanner-anker.be\\\/privacyverklaring\\\/#primaryimage\",\"url\":\"https:\\\/\\\/opcanner-anker.be\\\/wp-content\\\/uploads\\\/2023\\\/02\\\/Opcanner-Anker-Logo-Png.png\",\"contentUrl\":\"https:\\\/\\\/opcanner-anker.be\\\/wp-content\\\/uploads\\\/2023\\\/02\\\/Opcanner-Anker-Logo-Png.png\",\"width\":512,\"height\":512},{\"@type\":\"BreadcrumbList\",\"@id\":\"https:\\\/\\\/opcanner-anker.be\\\/privacyverklaring\\\/#breadcrumb\",\"itemListElement\":[{\"@type\":\"ListItem\",\"position\":1,\"name\":\"Home\",\"item\":\"https:\\\/\\\/opcanner-anker.be\\\/\"},{\"@type\":\"ListItem\",\"position\":2,\"name\":\"Privacyverklaring\"}]},{\"@type\":\"WebSite\",\"@id\":\"https:\\\/\\\/opcanner-anker.be\\\/#website\",\"url\":\"https:\\\/\\\/opcanner-anker.be\\\/\",\"name\":\"Opcanner Anker\",\"description\":\"Caf\u00e9 &amp; Restaurant\",\"publisher\":{\"@id\":\"https:\\\/\\\/opcanner-anker.be\\\/#organization\"},\"potentialAction\":[{\"@type\":\"SearchAction\",\"target\":{\"@type\":\"EntryPoint\",\"urlTemplate\":\"https:\\\/\\\/opcanner-anker.be\\\/?s={search_term_string}\"},\"query-input\":{\"@type\":\"PropertyValueSpecification\",\"valueRequired\":true,\"valueName\":\"search_term_string\"}}],\"inLanguage\":\"fr-BE\"},{\"@type\":\"Organization\",\"@id\":\"https:\\\/\\\/opcanner-anker.be\\\/#organization\",\"name\":\"Opcanner Anker\",\"url\":\"https:\\\/\\\/opcanner-anker.be\\\/\",\"logo\":{\"@type\":\"ImageObject\",\"inLanguage\":\"fr-BE\",\"@id\":\"https:\\\/\\\/opcanner-anker.be\\\/#\\\/schema\\\/logo\\\/image\\\/\",\"url\":\"https:\\\/\\\/opcanner-anker.be\\\/wp-content\\\/uploads\\\/2023\\\/02\\\/Opcanner-Anker-Logo-Svg.svg\",\"contentUrl\":\"https:\\\/\\\/opcanner-anker.be\\\/wp-content\\\/uploads\\\/2023\\\/02\\\/Opcanner-Anker-Logo-Svg.svg\",\"width\":512,\"height\":512,\"caption\":\"Opcanner Anker\"},\"image\":{\"@id\":\"https:\\\/\\\/opcanner-anker.be\\\/#\\\/schema\\\/logo\\\/image\\\/\"},\"sameAs\":[\"https:\\\/\\\/www.facebook.com\\\/Opcanneranker.be\\\/\",\"https:\\\/\\\/www.linkedin.com\\\/company\\\/caf-restaurant-opcanner-anker\\\/\"]}]}<\/script>\n<!-- \/ Yoast SEO plugin. -->","yoast_head_json":{"title":"Privacyverklaring - Opcanner Anker","description":"Bij Opcanner Anker hechten wij veel waarde aan uw privacy. Lees onze privacyverklaring om te weten hoe wij omgaan met uw persoonlijke gegevens.","robots":{"index":"index","follow":"follow","max-snippet":"max-snippet:-1","max-image-preview":"max-image-preview:large","max-video-preview":"max-video-preview:-1"},"canonical":"https:\/\/opcanner-anker.be\/fr\/privacyverklaring\/","og_locale":"fr_FR","og_type":"article","og_title":"Privacyverklaring - Opcanner Anker","og_description":"Bij Opcanner Anker hechten wij veel waarde aan uw privacy. Lees onze privacyverklaring om te weten hoe wij omgaan met uw persoonlijke gegevens.","og_url":"https:\/\/opcanner-anker.be\/fr\/privacyverklaring\/","og_site_name":"Opcanner Anker","article_publisher":"https:\/\/www.facebook.com\/Opcanneranker.be\/","article_modified_time":"2023-03-02T16:27:00+00:00","og_image":[{"width":512,"height":512,"url":"https:\/\/opcanner-anker.be\/wp-content\/uploads\/2023\/02\/Opcanner-Anker-Logo-Png.png","type":"image\/png"}],"twitter_card":"summary_large_image","twitter_title":"Privacyverklaring - Opcanner Anker","twitter_description":"Bij Opcanner Anker hechten wij veel waarde aan uw privacy. Lees onze privacyverklaring om te weten hoe wij omgaan met uw persoonlijke gegevens.","twitter_image":"https:\/\/opcanner-anker.be\/wp-content\/uploads\/2023\/02\/Opcanner-Anker-Logo-Png.png","twitter_misc":{"Dur\u00e9e de lecture est.":"2 minutes"},"schema":{"@context":"https:\/\/schema.org","@graph":[{"@type":"WebPage","@id":"https:\/\/opcanner-anker.be\/privacyverklaring\/","url":"https:\/\/opcanner-anker.be\/privacyverklaring\/","name":"Privacyverklaring - Opcanner Anker","isPartOf":{"@id":"https:\/\/opcanner-anker.be\/#website"},"primaryImageOfPage":{"@id":"https:\/\/opcanner-anker.be\/privacyverklaring\/#primaryimage"},"image":{"@id":"https:\/\/opcanner-anker.be\/privacyverklaring\/#primaryimage"},"thumbnailUrl":"https:\/\/opcanner-anker.be\/wp-content\/uploads\/2023\/02\/Opcanner-Anker-Logo-Png.png","datePublished":"2023-02-27T19:25:55+00:00","dateModified":"2023-03-02T16:27:00+00:00","description":"Bij Opcanner Anker hechten wij veel waarde aan uw privacy. Lees onze privacyverklaring om te weten hoe wij omgaan met uw persoonlijke gegevens.","breadcrumb":{"@id":"https:\/\/opcanner-anker.be\/privacyverklaring\/#breadcrumb"},"inLanguage":"fr-BE","potentialAction":[{"@type":"ReadAction","target":["https:\/\/opcanner-anker.be\/privacyverklaring\/"]}]},{"@type":"ImageObject","inLanguage":"fr-BE","@id":"https:\/\/opcanner-anker.be\/privacyverklaring\/#primaryimage","url":"https:\/\/opcanner-anker.be\/wp-content\/uploads\/2023\/02\/Opcanner-Anker-Logo-Png.png","contentUrl":"https:\/\/opcanner-anker.be\/wp-content\/uploads\/2023\/02\/Opcanner-Anker-Logo-Png.png","width":512,"height":512},{"@type":"BreadcrumbList","@id":"https:\/\/opcanner-anker.be\/privacyverklaring\/#breadcrumb","itemListElement":[{"@type":"ListItem","position":1,"name":"Home","item":"https:\/\/opcanner-anker.be\/"},{"@type":"ListItem","position":2,"name":"Privacyverklaring"}]},{"@type":"WebSite","@id":"https:\/\/opcanner-anker.be\/#website","url":"https:\/\/opcanner-anker.be\/","name":"Opcanner Anker","description":"Caf\u00e9 &amp; Restaurant","publisher":{"@id":"https:\/\/opcanner-anker.be\/#organization"},"potentialAction":[{"@type":"SearchAction","target":{"@type":"EntryPoint","urlTemplate":"https:\/\/opcanner-anker.be\/?s={search_term_string}"},"query-input":{"@type":"PropertyValueSpecification","valueRequired":true,"valueName":"search_term_string"}}],"inLanguage":"fr-BE"},{"@type":"Organization","@id":"https:\/\/opcanner-anker.be\/#organization","name":"Opcanner Anker","url":"https:\/\/opcanner-anker.be\/","logo":{"@type":"ImageObject","inLanguage":"fr-BE","@id":"https:\/\/opcanner-anker.be\/#\/schema\/logo\/image\/","url":"https:\/\/opcanner-anker.be\/wp-content\/uploads\/2023\/02\/Opcanner-Anker-Logo-Svg.svg","contentUrl":"https:\/\/opcanner-anker.be\/wp-content\/uploads\/2023\/02\/Opcanner-Anker-Logo-Svg.svg","width":512,"height":512,"caption":"Opcanner Anker"},"image":{"@id":"https:\/\/opcanner-anker.be\/#\/schema\/logo\/image\/"},"sameAs":["https:\/\/www.facebook.com\/Opcanneranker.be\/","https:\/\/www.linkedin.com\/company\/caf-restaurant-opcanner-anker\/"]}]}},"_links":{"self":[{"href":"https:\/\/opcanner-anker.be\/fr\/wp-json\/wp\/v2\/pages\/183","targetHints":{"allow":["GET"]}}],"collection":[{"href":"https:\/\/opcanner-anker.be\/fr\/wp-json\/wp\/v2\/pages"}],"about":[{"href":"https:\/\/opcanner-anker.be\/fr\/wp-json\/wp\/v2\/types\/page"}],"author":[{"embeddable":true,"href":"https:\/\/opcanner-anker.be\/fr\/wp-json\/wp\/v2\/users\/1"}],"replies":[{"embeddable":true,"href":"https:\/\/opcanner-anker.be\/fr\/wp-json\/wp\/v2\/comments?post=183"}],"version-history":[{"count":3,"href":"https:\/\/opcanner-anker.be\/fr\/wp-json\/wp\/v2\/pages\/183\/revisions"}],"predecessor-version":[{"id":187,"href":"https:\/\/opcanner-anker.be\/fr\/wp-json\/wp\/v2\/pages\/183\/revisions\/187"}],"wp:featuredmedia":[{"embeddable":true,"href":"https:\/\/opcanner-anker.be\/fr\/wp-json\/wp\/v2\/media\/117"}],"wp:attachment":[{"href":"https:\/\/opcanner-anker.be\/fr\/wp-json\/wp\/v2\/media?parent=183"}],"curies":[{"name":"wp","href":"https:\/\/api.w.org\/{rel}","templated":true}]}}