{"id":500,"date":"2023-02-28T19:47:20","date_gmt":"2023-02-28T18:47:20","guid":{"rendered":"https:\/\/opcanner-anker.be\/?page_id=500"},"modified":"2024-02-07T04:06:06","modified_gmt":"2024-02-07T03:06:06","slug":"feestzaal","status":"publish","type":"page","link":"https:\/\/opcanner-anker.be\/fr\/feestzaal\/","title":{"rendered":"Salle de f\u00eate"},"content":{"rendered":"<div data-elementor-type=\"wp-page\" data-elementor-id=\"500\" class=\"elementor elementor-500\" data-elementor-post-type=\"page\">\n\t\t\t\t\t\t<section class=\"elementor-section elementor-top-section elementor-element elementor-element-6571e5e elementor-section-height-min-height elementor-section-boxed elementor-section-height-default elementor-section-items-middle\" data-id=\"6571e5e\" data-element_type=\"section\" data-e-type=\"section\" data-settings=\"{&quot;background_background&quot;:&quot;classic&quot;,&quot;background_motion_fx_motion_fx_scrolling&quot;:&quot;yes&quot;,&quot;background_motion_fx_translateY_effect&quot;:&quot;yes&quot;,&quot;background_motion_fx_translateY_direction&quot;:&quot;negative&quot;,&quot;background_motion_fx_translateY_speed&quot;:{&quot;unit&quot;:&quot;px&quot;,&quot;size&quot;:&quot;1&quot;,&quot;sizes&quot;:[]},&quot;background_motion_fx_translateY_affectedRange&quot;:{&quot;unit&quot;:&quot;%&quot;,&quot;size&quot;:&quot;&quot;,&quot;sizes&quot;:{&quot;start&quot;:0,&quot;end&quot;:100}},&quot;background_motion_fx_devices&quot;:[&quot;desktop&quot;,&quot;tablet&quot;,&quot;mobile&quot;]}\">\n\t\t\t\t\t\t<div class=\"elementor-container elementor-column-gap-default\">\n\t\t\t\t\t<div class=\"elementor-column elementor-col-100 elementor-top-column elementor-element elementor-element-6d058e8\" data-id=\"6d058e8\" data-element_type=\"column\" data-e-type=\"column\">\n\t\t\t<div class=\"elementor-widget-wrap elementor-element-populated\">\n\t\t\t\t\t\t<div class=\"elementor-element elementor-element-15d2ff5 elementor-widget elementor-widget-heading\" data-id=\"15d2ff5\" data-element_type=\"widget\" data-e-type=\"widget\" data-widget_type=\"heading.default\">\n\t\t\t\t<div class=\"elementor-widget-container\">\n\t\t\t\t\t<h1 class=\"elementor-heading-title elementor-size-default\">Notre magnifique salle de f\u00eate est disponible \u00e0 la location<\/h1>\t\t\t\t<\/div>\n\t\t\t\t<\/div>\n\t\t\t\t<div class=\"elementor-element elementor-element-249dd7c elementor-widget elementor-widget-text-editor\" data-id=\"249dd7c\" data-element_type=\"widget\" data-e-type=\"widget\" data-widget_type=\"text-editor.default\">\n\t\t\t\t<div class=\"elementor-widget-container\">\n\t\t\t\t\t\t\t\t\t<p>D\u00e9couvrez notre magnifique salle de f\u00eate disponible \u00e0 la location. Parfaite pour les mariages, les f\u00eates d'anniversaire, les r\u00e9unions d'entreprise et autres \u00e9v\u00e9nements. Contactez-nous pour v\u00e9rifier la disponibilit\u00e9 et faites de votre journ\u00e9e sp\u00e9ciale une exp\u00e9rience inoubliable. D\u00e9couvrez ci-dessous quelques images de notre salle de f\u00eate.<\/p>\t\t\t\t\t\t\t\t<\/div>\n\t\t\t\t<\/div>\n\t\t\t\t<div class=\"elementor-element elementor-element-8512d26 elementor-align-center elementor-widget elementor-widget-button\" data-id=\"8512d26\" data-element_type=\"widget\" data-e-type=\"widget\" data-widget_type=\"button.default\">\n\t\t\t\t<div class=\"elementor-widget-container\">\n\t\t\t\t\t\t\t\t\t<div class=\"elementor-button-wrapper\">\n\t\t\t\t\t<a class=\"elementor-button elementor-button-link elementor-size-sm\" href=\"https:\/\/opcanner-anker.be\/fr\/reservation\/\">\n\t\t\t\t\t\t<span class=\"elementor-button-content-wrapper\">\n\t\t\t\t\t\t\t\t\t<span class=\"elementor-button-text\">Faire une r\u00e9servation<\/span>\n\t\t\t\t\t<\/span>\n\t\t\t\t\t<\/a>\n\t\t\t\t<\/div>\n\t\t\t\t\t\t\t\t<\/div>\n\t\t\t\t<\/div>\n\t\t\t\t\t<\/div>\n\t\t<\/div>\n\t\t\t\t\t<\/div>\n\t\t<\/section>\n\t\t\t\t<section class=\"elementor-section elementor-top-section elementor-element elementor-element-685a254 elementor-section-boxed elementor-section-height-default elementor-section-height-default\" data-id=\"685a254\" data-element_type=\"section\" data-e-type=\"section\">\n\t\t\t\t\t\t<div class=\"elementor-container elementor-column-gap-default\">\n\t\t\t\t\t<div class=\"elementor-column elementor-col-100 elementor-top-column elementor-element elementor-element-4d87afa\" data-id=\"4d87afa\" data-element_type=\"column\" data-e-type=\"column\">\n\t\t\t<div class=\"elementor-widget-wrap elementor-element-populated\">\n\t\t\t\t\t\t<div class=\"elementor-element elementor-element-8113a96 elementor-widget elementor-widget-spacer\" data-id=\"8113a96\" data-element_type=\"widget\" data-e-type=\"widget\" data-widget_type=\"spacer.default\">\n\t\t\t\t<div class=\"elementor-widget-container\">\n\t\t\t\t\t\t\t<div class=\"elementor-spacer\">\n\t\t\t<div class=\"elementor-spacer-inner\"><\/div>\n\t\t<\/div>\n\t\t\t\t\t\t<\/div>\n\t\t\t\t<\/div>\n\t\t\t\t<div class=\"elementor-element elementor-element-867a5a0 gallery-spacing-custom elementor-widget elementor-widget-image-gallery\" data-id=\"867a5a0\" data-element_type=\"widget\" data-e-type=\"widget\" data-widget_type=\"image-gallery.default\">\n\t\t\t\t<div class=\"elementor-widget-container\">\n\t\t\t\t\t\t\t<div class=\"elementor-image-gallery\">\n\t\t\t<div id='gallery-1' class='gallery galleryid-500 gallery-columns-4 gallery-size-medium'><figure class='gallery-item'>\n\t\t\t<div class='gallery-icon landscape'>\n\t\t\t\t<a data-elementor-open-lightbox=\"yes\" data-elementor-lightbox-slideshow=\"867a5a0\" data-elementor-lightbox-title=\"DSC_9626\" data-e-action-hash=\"#elementor-action%3Aaction%3Dlightbox%26settings%3DeyJpZCI6NTIxLCJ1cmwiOiJodHRwczpcL1wvb3BjYW5uZXItYW5rZXIuYmVcL3dwLWNvbnRlbnRcL3VwbG9hZHNcLzIwMjNcLzAyXC9EU0NfOTYyNi1zY2FsZWQuanBnIiwic2xpZGVzaG93IjoiODY3YTVhMCJ9\" href='https:\/\/opcanner-anker.be\/wp-content\/uploads\/2023\/02\/DSC_9626-scaled.jpg'><img fetchpriority=\"high\" decoding=\"async\" width=\"300\" height=\"200\" src=\"https:\/\/opcanner-anker.be\/wp-content\/uploads\/2023\/02\/DSC_9626-300x200.jpg\" class=\"attachment-medium size-medium\" alt=\"\" srcset=\"https:\/\/opcanner-anker.be\/wp-content\/uploads\/2023\/02\/DSC_9626-300x200.jpg 300w, https:\/\/opcanner-anker.be\/wp-content\/uploads\/2023\/02\/DSC_9626-1024x683.jpg 1024w, https:\/\/opcanner-anker.be\/wp-content\/uploads\/2023\/02\/DSC_9626-768x513.jpg 768w, https:\/\/opcanner-anker.be\/wp-content\/uploads\/2023\/02\/DSC_9626-1536x1025.jpg 1536w, https:\/\/opcanner-anker.be\/wp-content\/uploads\/2023\/02\/DSC_9626-2048x1367.jpg 2048w\" sizes=\"(max-width: 300px) 100vw, 300px\" \/><\/a>\n\t\t\t<\/div><\/figure><figure class='gallery-item'>\n\t\t\t<div class='gallery-icon landscape'>\n\t\t\t\t<a data-elementor-open-lightbox=\"yes\" data-elementor-lightbox-slideshow=\"867a5a0\" data-elementor-lightbox-title=\"DSC_9624\" data-e-action-hash=\"#elementor-action%3Aaction%3Dlightbox%26settings%3DeyJpZCI6NTIwLCJ1cmwiOiJodHRwczpcL1wvb3BjYW5uZXItYW5rZXIuYmVcL3dwLWNvbnRlbnRcL3VwbG9hZHNcLzIwMjNcLzAyXC9EU0NfOTYyNC1zY2FsZWQuanBnIiwic2xpZGVzaG93IjoiODY3YTVhMCJ9\" href='https:\/\/opcanner-anker.be\/wp-content\/uploads\/2023\/02\/DSC_9624-scaled.jpg'><img decoding=\"async\" width=\"300\" height=\"200\" src=\"https:\/\/opcanner-anker.be\/wp-content\/uploads\/2023\/02\/DSC_9624-300x200.jpg\" class=\"attachment-medium size-medium\" alt=\"\" srcset=\"https:\/\/opcanner-anker.be\/wp-content\/uploads\/2023\/02\/DSC_9624-300x200.jpg 300w, https:\/\/opcanner-anker.be\/wp-content\/uploads\/2023\/02\/DSC_9624-1024x683.jpg 1024w, https:\/\/opcanner-anker.be\/wp-content\/uploads\/2023\/02\/DSC_9624-768x513.jpg 768w, https:\/\/opcanner-anker.be\/wp-content\/uploads\/2023\/02\/DSC_9624-1536x1025.jpg 1536w, https:\/\/opcanner-anker.be\/wp-content\/uploads\/2023\/02\/DSC_9624-2048x1367.jpg 2048w\" sizes=\"(max-width: 300px) 100vw, 300px\" \/><\/a>\n\t\t\t<\/div><\/figure><figure class='gallery-item'>\n\t\t\t<div class='gallery-icon landscape'>\n\t\t\t\t<a data-elementor-open-lightbox=\"yes\" data-elementor-lightbox-slideshow=\"867a5a0\" data-elementor-lightbox-title=\"DSC_9623\" data-e-action-hash=\"#elementor-action%3Aaction%3Dlightbox%26settings%3DeyJpZCI6NTE5LCJ1cmwiOiJodHRwczpcL1wvb3BjYW5uZXItYW5rZXIuYmVcL3dwLWNvbnRlbnRcL3VwbG9hZHNcLzIwMjNcLzAyXC9EU0NfOTYyMy1zY2FsZWQuanBnIiwic2xpZGVzaG93IjoiODY3YTVhMCJ9\" href='https:\/\/opcanner-anker.be\/wp-content\/uploads\/2023\/02\/DSC_9623-scaled.jpg'><img decoding=\"async\" width=\"300\" height=\"200\" src=\"https:\/\/opcanner-anker.be\/wp-content\/uploads\/2023\/02\/DSC_9623-300x200.jpg\" class=\"attachment-medium size-medium\" alt=\"\" srcset=\"https:\/\/opcanner-anker.be\/wp-content\/uploads\/2023\/02\/DSC_9623-300x200.jpg 300w, https:\/\/opcanner-anker.be\/wp-content\/uploads\/2023\/02\/DSC_9623-1024x683.jpg 1024w, https:\/\/opcanner-anker.be\/wp-content\/uploads\/2023\/02\/DSC_9623-768x513.jpg 768w, https:\/\/opcanner-anker.be\/wp-content\/uploads\/2023\/02\/DSC_9623-1536x1025.jpg 1536w, https:\/\/opcanner-anker.be\/wp-content\/uploads\/2023\/02\/DSC_9623-2048x1367.jpg 2048w\" sizes=\"(max-width: 300px) 100vw, 300px\" \/><\/a>\n\t\t\t<\/div><\/figure><figure class='gallery-item'>\n\t\t\t<div class='gallery-icon landscape'>\n\t\t\t\t<a data-elementor-open-lightbox=\"yes\" data-elementor-lightbox-slideshow=\"867a5a0\" data-elementor-lightbox-title=\"DSC_9622\" data-e-action-hash=\"#elementor-action%3Aaction%3Dlightbox%26settings%3DeyJpZCI6NTE4LCJ1cmwiOiJodHRwczpcL1wvb3BjYW5uZXItYW5rZXIuYmVcL3dwLWNvbnRlbnRcL3VwbG9hZHNcLzIwMjNcLzAyXC9EU0NfOTYyMi1zY2FsZWQuanBnIiwic2xpZGVzaG93IjoiODY3YTVhMCJ9\" href='https:\/\/opcanner-anker.be\/wp-content\/uploads\/2023\/02\/DSC_9622-scaled.jpg'><img loading=\"lazy\" decoding=\"async\" width=\"300\" height=\"200\" src=\"https:\/\/opcanner-anker.be\/wp-content\/uploads\/2023\/02\/DSC_9622-300x200.jpg\" class=\"attachment-medium size-medium\" alt=\"\" srcset=\"https:\/\/opcanner-anker.be\/wp-content\/uploads\/2023\/02\/DSC_9622-300x200.jpg 300w, https:\/\/opcanner-anker.be\/wp-content\/uploads\/2023\/02\/DSC_9622-1024x683.jpg 1024w, https:\/\/opcanner-anker.be\/wp-content\/uploads\/2023\/02\/DSC_9622-768x513.jpg 768w, https:\/\/opcanner-anker.be\/wp-content\/uploads\/2023\/02\/DSC_9622-1536x1025.jpg 1536w, https:\/\/opcanner-anker.be\/wp-content\/uploads\/2023\/02\/DSC_9622-2048x1367.jpg 2048w\" sizes=\"(max-width: 300px) 100vw, 300px\" \/><\/a>\n\t\t\t<\/div><\/figure><figure class='gallery-item'>\n\t\t\t<div class='gallery-icon landscape'>\n\t\t\t\t<a data-elementor-open-lightbox=\"yes\" data-elementor-lightbox-slideshow=\"867a5a0\" data-elementor-lightbox-title=\"DSC_9621\" data-e-action-hash=\"#elementor-action%3Aaction%3Dlightbox%26settings%3DeyJpZCI6NTE3LCJ1cmwiOiJodHRwczpcL1wvb3BjYW5uZXItYW5rZXIuYmVcL3dwLWNvbnRlbnRcL3VwbG9hZHNcLzIwMjNcLzAyXC9EU0NfOTYyMS1zY2FsZWQuanBnIiwic2xpZGVzaG93IjoiODY3YTVhMCJ9\" href='https:\/\/opcanner-anker.be\/wp-content\/uploads\/2023\/02\/DSC_9621-scaled.jpg'><img loading=\"lazy\" decoding=\"async\" width=\"300\" height=\"200\" src=\"https:\/\/opcanner-anker.be\/wp-content\/uploads\/2023\/02\/DSC_9621-300x200.jpg\" class=\"attachment-medium size-medium\" alt=\"\" srcset=\"https:\/\/opcanner-anker.be\/wp-content\/uploads\/2023\/02\/DSC_9621-300x200.jpg 300w, https:\/\/opcanner-anker.be\/wp-content\/uploads\/2023\/02\/DSC_9621-1024x683.jpg 1024w, https:\/\/opcanner-anker.be\/wp-content\/uploads\/2023\/02\/DSC_9621-768x513.jpg 768w, https:\/\/opcanner-anker.be\/wp-content\/uploads\/2023\/02\/DSC_9621-1536x1025.jpg 1536w, https:\/\/opcanner-anker.be\/wp-content\/uploads\/2023\/02\/DSC_9621-2048x1367.jpg 2048w\" sizes=\"(max-width: 300px) 100vw, 300px\" \/><\/a>\n\t\t\t<\/div><\/figure><figure class='gallery-item'>\n\t\t\t<div class='gallery-icon landscape'>\n\t\t\t\t<a data-elementor-open-lightbox=\"yes\" data-elementor-lightbox-slideshow=\"867a5a0\" data-elementor-lightbox-title=\"DSC_9619\" data-e-action-hash=\"#elementor-action%3Aaction%3Dlightbox%26settings%3DeyJpZCI6NTE2LCJ1cmwiOiJodHRwczpcL1wvb3BjYW5uZXItYW5rZXIuYmVcL3dwLWNvbnRlbnRcL3VwbG9hZHNcLzIwMjNcLzAyXC9EU0NfOTYxOS1zY2FsZWQuanBnIiwic2xpZGVzaG93IjoiODY3YTVhMCJ9\" href='https:\/\/opcanner-anker.be\/wp-content\/uploads\/2023\/02\/DSC_9619-scaled.jpg'><img loading=\"lazy\" decoding=\"async\" width=\"300\" height=\"200\" src=\"https:\/\/opcanner-anker.be\/wp-content\/uploads\/2023\/02\/DSC_9619-300x200.jpg\" class=\"attachment-medium size-medium\" alt=\"\" srcset=\"https:\/\/opcanner-anker.be\/wp-content\/uploads\/2023\/02\/DSC_9619-300x200.jpg 300w, https:\/\/opcanner-anker.be\/wp-content\/uploads\/2023\/02\/DSC_9619-1024x683.jpg 1024w, https:\/\/opcanner-anker.be\/wp-content\/uploads\/2023\/02\/DSC_9619-768x513.jpg 768w, https:\/\/opcanner-anker.be\/wp-content\/uploads\/2023\/02\/DSC_9619-1536x1025.jpg 1536w, https:\/\/opcanner-anker.be\/wp-content\/uploads\/2023\/02\/DSC_9619-2048x1367.jpg 2048w\" sizes=\"(max-width: 300px) 100vw, 300px\" \/><\/a>\n\t\t\t<\/div><\/figure><figure class='gallery-item'>\n\t\t\t<div class='gallery-icon landscape'>\n\t\t\t\t<a data-elementor-open-lightbox=\"yes\" data-elementor-lightbox-slideshow=\"867a5a0\" data-elementor-lightbox-title=\"DSC_9616\" data-e-action-hash=\"#elementor-action%3Aaction%3Dlightbox%26settings%3DeyJpZCI6NTE1LCJ1cmwiOiJodHRwczpcL1wvb3BjYW5uZXItYW5rZXIuYmVcL3dwLWNvbnRlbnRcL3VwbG9hZHNcLzIwMjNcLzAyXC9EU0NfOTYxNi1zY2FsZWQuanBnIiwic2xpZGVzaG93IjoiODY3YTVhMCJ9\" href='https:\/\/opcanner-anker.be\/wp-content\/uploads\/2023\/02\/DSC_9616-scaled.jpg'><img loading=\"lazy\" decoding=\"async\" width=\"300\" height=\"200\" src=\"https:\/\/opcanner-anker.be\/wp-content\/uploads\/2023\/02\/DSC_9616-300x200.jpg\" class=\"attachment-medium size-medium\" alt=\"\" srcset=\"https:\/\/opcanner-anker.be\/wp-content\/uploads\/2023\/02\/DSC_9616-300x200.jpg 300w, https:\/\/opcanner-anker.be\/wp-content\/uploads\/2023\/02\/DSC_9616-1024x683.jpg 1024w, https:\/\/opcanner-anker.be\/wp-content\/uploads\/2023\/02\/DSC_9616-768x513.jpg 768w, https:\/\/opcanner-anker.be\/wp-content\/uploads\/2023\/02\/DSC_9616-1536x1025.jpg 1536w, https:\/\/opcanner-anker.be\/wp-content\/uploads\/2023\/02\/DSC_9616-2048x1367.jpg 2048w\" sizes=\"(max-width: 300px) 100vw, 300px\" \/><\/a>\n\t\t\t<\/div><\/figure><figure class='gallery-item'>\n\t\t\t<div class='gallery-icon landscape'>\n\t\t\t\t<a data-elementor-open-lightbox=\"yes\" data-elementor-lightbox-slideshow=\"867a5a0\" data-elementor-lightbox-title=\"DSC_9618\" data-e-action-hash=\"#elementor-action%3Aaction%3Dlightbox%26settings%3DeyJpZCI6NTA3LCJ1cmwiOiJodHRwczpcL1wvb3BjYW5uZXItYW5rZXIuYmVcL3dwLWNvbnRlbnRcL3VwbG9hZHNcLzIwMjNcLzAyXC9EU0NfOTYxOC1zY2FsZWQuanBnIiwic2xpZGVzaG93IjoiODY3YTVhMCJ9\" href='https:\/\/opcanner-anker.be\/wp-content\/uploads\/2023\/02\/DSC_9618-scaled.jpg'><img loading=\"lazy\" decoding=\"async\" width=\"300\" height=\"200\" src=\"https:\/\/opcanner-anker.be\/wp-content\/uploads\/2023\/02\/DSC_9618-300x200.jpg\" class=\"attachment-medium size-medium\" alt=\"\" srcset=\"https:\/\/opcanner-anker.be\/wp-content\/uploads\/2023\/02\/DSC_9618-300x200.jpg 300w, https:\/\/opcanner-anker.be\/wp-content\/uploads\/2023\/02\/DSC_9618-1024x683.jpg 1024w, https:\/\/opcanner-anker.be\/wp-content\/uploads\/2023\/02\/DSC_9618-768x513.jpg 768w, https:\/\/opcanner-anker.be\/wp-content\/uploads\/2023\/02\/DSC_9618-1536x1025.jpg 1536w, https:\/\/opcanner-anker.be\/wp-content\/uploads\/2023\/02\/DSC_9618-2048x1367.jpg 2048w\" sizes=\"(max-width: 300px) 100vw, 300px\" \/><\/a>\n\t\t\t<\/div><\/figure>\n\t\t<\/div>\n\t\t<\/div>\n\t\t\t\t\t\t<\/div>\n\t\t\t\t<\/div>\n\t\t\t\t\t<\/div>\n\t\t<\/div>\n\t\t\t\t\t<\/div>\n\t\t<\/section>\n\t\t\t\t<\/div>","protected":false},"excerpt":{"rendered":"<p>Onze prachtige feestzaal te huur Ontdek onze prachtige feestzaal die beschikbaar is voor verhuur. Perfect voor bruiloften, verjaardagsfeesten, bedrijfsbijeenkomsten en andere evenementen. Neem contact met ons op om de beschikbaarheid te controleren en maak van uw speciale dag een onvergetelijke ervaring. Bekijk hieronder enkele afbeeldingen van onze feestzaal. Maak een Reservering<\/p>","protected":false},"author":1,"featured_media":752,"parent":0,"menu_order":0,"comment_status":"closed","ping_status":"closed","template":"","meta":{"inline_featured_image":false,"footnotes":""},"class_list":["post-500","page","type-page","status-publish","has-post-thumbnail","hentry"],"yoast_head":"<!-- This site is optimized with the Yoast SEO plugin v27.5 - https:\/\/yoast.com\/product\/yoast-seo-wordpress\/ -->\n<title>Feestzaal - Opcanner Anker<\/title>\n<meta name=\"description\" content=\"Huur onze prachtige feestzaal in Kanne voor uw volgende evenement. Ontdek onze gezellige en elegante ruimte en maak uw feest onvergetelijk.\" \/>\n<meta name=\"robots\" content=\"index, follow, max-snippet:-1, max-image-preview:large, max-video-preview:-1\" \/>\n<link rel=\"canonical\" href=\"https:\/\/opcanner-anker.be\/fr\/feestzaal\/\" \/>\n<meta property=\"og:locale\" content=\"fr_FR\" \/>\n<meta property=\"og:type\" content=\"article\" \/>\n<meta property=\"og:title\" content=\"Feestzaal - Opcanner Anker\" \/>\n<meta property=\"og:description\" content=\"Huur onze prachtige feestzaal in Kanne voor uw volgende evenement. Ontdek onze gezellige en elegante ruimte en maak uw feest onvergetelijk.\" \/>\n<meta property=\"og:url\" content=\"https:\/\/opcanner-anker.be\/fr\/feestzaal\/\" \/>\n<meta property=\"og:site_name\" content=\"Opcanner Anker\" \/>\n<meta property=\"article:publisher\" content=\"https:\/\/www.facebook.com\/Opcanneranker.be\/\" \/>\n<meta property=\"article:modified_time\" content=\"2024-02-07T03:06:06+00:00\" \/>\n<meta property=\"og:image\" content=\"https:\/\/opcanner-anker.be\/wp-content\/uploads\/2023\/03\/feestzaal.png\" \/>\n\t<meta property=\"og:image:width\" content=\"1320\" \/>\n\t<meta property=\"og:image:height\" content=\"916\" \/>\n\t<meta property=\"og:image:type\" content=\"image\/png\" \/>\n<meta name=\"twitter:card\" content=\"summary_large_image\" \/>\n<meta name=\"twitter:title\" content=\"Feestzaal - Opcanner Anker\" \/>\n<meta name=\"twitter:description\" content=\"Huur onze prachtige feestzaal in Kanne voor uw volgende evenement. Ontdek onze gezellige en elegante ruimte en maak uw feest onvergetelijk.\" \/>\n<meta name=\"twitter:image\" content=\"https:\/\/opcanner-anker.be\/wp-content\/uploads\/2023\/03\/feestzaal.png\" \/>\n<meta name=\"twitter:label1\" content=\"Dur\u00e9e de lecture est.\" \/>\n\t<meta name=\"twitter:data1\" content=\"3 minutes\" \/>\n<script type=\"application\/ld+json\" class=\"yoast-schema-graph\">{\"@context\":\"https:\\\/\\\/schema.org\",\"@graph\":[{\"@type\":\"WebPage\",\"@id\":\"https:\\\/\\\/opcanner-anker.be\\\/feestzaal\\\/\",\"url\":\"https:\\\/\\\/opcanner-anker.be\\\/feestzaal\\\/\",\"name\":\"Feestzaal - Opcanner Anker\",\"isPartOf\":{\"@id\":\"https:\\\/\\\/opcanner-anker.be\\\/#website\"},\"primaryImageOfPage\":{\"@id\":\"https:\\\/\\\/opcanner-anker.be\\\/feestzaal\\\/#primaryimage\"},\"image\":{\"@id\":\"https:\\\/\\\/opcanner-anker.be\\\/feestzaal\\\/#primaryimage\"},\"thumbnailUrl\":\"https:\\\/\\\/opcanner-anker.be\\\/wp-content\\\/uploads\\\/2023\\\/03\\\/feestzaal.png\",\"datePublished\":\"2023-02-28T18:47:20+00:00\",\"dateModified\":\"2024-02-07T03:06:06+00:00\",\"description\":\"Huur onze prachtige feestzaal in Kanne voor uw volgende evenement. Ontdek onze gezellige en elegante ruimte en maak uw feest onvergetelijk.\",\"breadcrumb\":{\"@id\":\"https:\\\/\\\/opcanner-anker.be\\\/feestzaal\\\/#breadcrumb\"},\"inLanguage\":\"fr-BE\",\"potentialAction\":[{\"@type\":\"ReadAction\",\"target\":[\"https:\\\/\\\/opcanner-anker.be\\\/feestzaal\\\/\"]}]},{\"@type\":\"ImageObject\",\"inLanguage\":\"fr-BE\",\"@id\":\"https:\\\/\\\/opcanner-anker.be\\\/feestzaal\\\/#primaryimage\",\"url\":\"https:\\\/\\\/opcanner-anker.be\\\/wp-content\\\/uploads\\\/2023\\\/03\\\/feestzaal.png\",\"contentUrl\":\"https:\\\/\\\/opcanner-anker.be\\\/wp-content\\\/uploads\\\/2023\\\/03\\\/feestzaal.png\",\"width\":1320,\"height\":916},{\"@type\":\"BreadcrumbList\",\"@id\":\"https:\\\/\\\/opcanner-anker.be\\\/feestzaal\\\/#breadcrumb\",\"itemListElement\":[{\"@type\":\"ListItem\",\"position\":1,\"name\":\"Home\",\"item\":\"https:\\\/\\\/opcanner-anker.be\\\/\"},{\"@type\":\"ListItem\",\"position\":2,\"name\":\"Feestzaal\"}]},{\"@type\":\"WebSite\",\"@id\":\"https:\\\/\\\/opcanner-anker.be\\\/#website\",\"url\":\"https:\\\/\\\/opcanner-anker.be\\\/\",\"name\":\"Opcanner Anker\",\"description\":\"Caf\u00e9 &amp; Restaurant\",\"publisher\":{\"@id\":\"https:\\\/\\\/opcanner-anker.be\\\/#organization\"},\"potentialAction\":[{\"@type\":\"SearchAction\",\"target\":{\"@type\":\"EntryPoint\",\"urlTemplate\":\"https:\\\/\\\/opcanner-anker.be\\\/?s={search_term_string}\"},\"query-input\":{\"@type\":\"PropertyValueSpecification\",\"valueRequired\":true,\"valueName\":\"search_term_string\"}}],\"inLanguage\":\"fr-BE\"},{\"@type\":\"Organization\",\"@id\":\"https:\\\/\\\/opcanner-anker.be\\\/#organization\",\"name\":\"Opcanner Anker\",\"url\":\"https:\\\/\\\/opcanner-anker.be\\\/\",\"logo\":{\"@type\":\"ImageObject\",\"inLanguage\":\"fr-BE\",\"@id\":\"https:\\\/\\\/opcanner-anker.be\\\/#\\\/schema\\\/logo\\\/image\\\/\",\"url\":\"https:\\\/\\\/opcanner-anker.be\\\/wp-content\\\/uploads\\\/2023\\\/02\\\/Opcanner-Anker-Logo-Svg.svg\",\"contentUrl\":\"https:\\\/\\\/opcanner-anker.be\\\/wp-content\\\/uploads\\\/2023\\\/02\\\/Opcanner-Anker-Logo-Svg.svg\",\"width\":512,\"height\":512,\"caption\":\"Opcanner Anker\"},\"image\":{\"@id\":\"https:\\\/\\\/opcanner-anker.be\\\/#\\\/schema\\\/logo\\\/image\\\/\"},\"sameAs\":[\"https:\\\/\\\/www.facebook.com\\\/Opcanneranker.be\\\/\",\"https:\\\/\\\/www.linkedin.com\\\/company\\\/caf-restaurant-opcanner-anker\\\/\"]}]}<\/script>\n<!-- \/ Yoast SEO plugin. -->","yoast_head_json":{"title":"Feestzaal - Opcanner Anker","description":"Huur onze prachtige feestzaal in Kanne voor uw volgende evenement. Ontdek onze gezellige en elegante ruimte en maak uw feest onvergetelijk.","robots":{"index":"index","follow":"follow","max-snippet":"max-snippet:-1","max-image-preview":"max-image-preview:large","max-video-preview":"max-video-preview:-1"},"canonical":"https:\/\/opcanner-anker.be\/fr\/feestzaal\/","og_locale":"fr_FR","og_type":"article","og_title":"Feestzaal - Opcanner Anker","og_description":"Huur onze prachtige feestzaal in Kanne voor uw volgende evenement. Ontdek onze gezellige en elegante ruimte en maak uw feest onvergetelijk.","og_url":"https:\/\/opcanner-anker.be\/fr\/feestzaal\/","og_site_name":"Opcanner Anker","article_publisher":"https:\/\/www.facebook.com\/Opcanneranker.be\/","article_modified_time":"2024-02-07T03:06:06+00:00","og_image":[{"width":1320,"height":916,"url":"https:\/\/opcanner-anker.be\/wp-content\/uploads\/2023\/03\/feestzaal.png","type":"image\/png"}],"twitter_card":"summary_large_image","twitter_title":"Feestzaal - Opcanner Anker","twitter_description":"Huur onze prachtige feestzaal in Kanne voor uw volgende evenement. Ontdek onze gezellige en elegante ruimte en maak uw feest onvergetelijk.","twitter_image":"https:\/\/opcanner-anker.be\/wp-content\/uploads\/2023\/03\/feestzaal.png","twitter_misc":{"Dur\u00e9e de lecture est.":"3 minutes"},"schema":{"@context":"https:\/\/schema.org","@graph":[{"@type":"WebPage","@id":"https:\/\/opcanner-anker.be\/feestzaal\/","url":"https:\/\/opcanner-anker.be\/feestzaal\/","name":"Feestzaal - Opcanner Anker","isPartOf":{"@id":"https:\/\/opcanner-anker.be\/#website"},"primaryImageOfPage":{"@id":"https:\/\/opcanner-anker.be\/feestzaal\/#primaryimage"},"image":{"@id":"https:\/\/opcanner-anker.be\/feestzaal\/#primaryimage"},"thumbnailUrl":"https:\/\/opcanner-anker.be\/wp-content\/uploads\/2023\/03\/feestzaal.png","datePublished":"2023-02-28T18:47:20+00:00","dateModified":"2024-02-07T03:06:06+00:00","description":"Huur onze prachtige feestzaal in Kanne voor uw volgende evenement. Ontdek onze gezellige en elegante ruimte en maak uw feest onvergetelijk.","breadcrumb":{"@id":"https:\/\/opcanner-anker.be\/feestzaal\/#breadcrumb"},"inLanguage":"fr-BE","potentialAction":[{"@type":"ReadAction","target":["https:\/\/opcanner-anker.be\/feestzaal\/"]}]},{"@type":"ImageObject","inLanguage":"fr-BE","@id":"https:\/\/opcanner-anker.be\/feestzaal\/#primaryimage","url":"https:\/\/opcanner-anker.be\/wp-content\/uploads\/2023\/03\/feestzaal.png","contentUrl":"https:\/\/opcanner-anker.be\/wp-content\/uploads\/2023\/03\/feestzaal.png","width":1320,"height":916},{"@type":"BreadcrumbList","@id":"https:\/\/opcanner-anker.be\/feestzaal\/#breadcrumb","itemListElement":[{"@type":"ListItem","position":1,"name":"Home","item":"https:\/\/opcanner-anker.be\/"},{"@type":"ListItem","position":2,"name":"Feestzaal"}]},{"@type":"WebSite","@id":"https:\/\/opcanner-anker.be\/#website","url":"https:\/\/opcanner-anker.be\/","name":"Opcanner Anker","description":"Caf\u00e9 &amp; Restaurant","publisher":{"@id":"https:\/\/opcanner-anker.be\/#organization"},"potentialAction":[{"@type":"SearchAction","target":{"@type":"EntryPoint","urlTemplate":"https:\/\/opcanner-anker.be\/?s={search_term_string}"},"query-input":{"@type":"PropertyValueSpecification","valueRequired":true,"valueName":"search_term_string"}}],"inLanguage":"fr-BE"},{"@type":"Organization","@id":"https:\/\/opcanner-anker.be\/#organization","name":"Opcanner Anker","url":"https:\/\/opcanner-anker.be\/","logo":{"@type":"ImageObject","inLanguage":"fr-BE","@id":"https:\/\/opcanner-anker.be\/#\/schema\/logo\/image\/","url":"https:\/\/opcanner-anker.be\/wp-content\/uploads\/2023\/02\/Opcanner-Anker-Logo-Svg.svg","contentUrl":"https:\/\/opcanner-anker.be\/wp-content\/uploads\/2023\/02\/Opcanner-Anker-Logo-Svg.svg","width":512,"height":512,"caption":"Opcanner Anker"},"image":{"@id":"https:\/\/opcanner-anker.be\/#\/schema\/logo\/image\/"},"sameAs":["https:\/\/www.facebook.com\/Opcanneranker.be\/","https:\/\/www.linkedin.com\/company\/caf-restaurant-opcanner-anker\/"]}]}},"_links":{"self":[{"href":"https:\/\/opcanner-anker.be\/fr\/wp-json\/wp\/v2\/pages\/500","targetHints":{"allow":["GET"]}}],"collection":[{"href":"https:\/\/opcanner-anker.be\/fr\/wp-json\/wp\/v2\/pages"}],"about":[{"href":"https:\/\/opcanner-anker.be\/fr\/wp-json\/wp\/v2\/types\/page"}],"author":[{"embeddable":true,"href":"https:\/\/opcanner-anker.be\/fr\/wp-json\/wp\/v2\/users\/1"}],"replies":[{"embeddable":true,"href":"https:\/\/opcanner-anker.be\/fr\/wp-json\/wp\/v2\/comments?post=500"}],"version-history":[{"count":20,"href":"https:\/\/opcanner-anker.be\/fr\/wp-json\/wp\/v2\/pages\/500\/revisions"}],"predecessor-version":[{"id":901,"href":"https:\/\/opcanner-anker.be\/fr\/wp-json\/wp\/v2\/pages\/500\/revisions\/901"}],"wp:featuredmedia":[{"embeddable":true,"href":"https:\/\/opcanner-anker.be\/fr\/wp-json\/wp\/v2\/media\/752"}],"wp:attachment":[{"href":"https:\/\/opcanner-anker.be\/fr\/wp-json\/wp\/v2\/media?parent=500"}],"curies":[{"name":"wp","href":"https:\/\/api.w.org\/{rel}","templated":true}]}}