{"id":75,"date":"2023-02-27T13:39:37","date_gmt":"2023-02-27T12:39:37","guid":{"rendered":"https:\/\/opcanner-anker.be\/about\/"},"modified":"2024-02-07T04:07:15","modified_gmt":"2024-02-07T03:07:15","slug":"over-ons","status":"publish","type":"page","link":"https:\/\/opcanner-anker.be\/fr\/over-ons\/","title":{"rendered":"\u00c0 propos de nous"},"content":{"rendered":"<div data-elementor-type=\"wp-page\" data-elementor-id=\"75\" class=\"elementor elementor-75\" data-elementor-post-type=\"page\">\n\t\t\t\t\t\t<section class=\"elementor-section elementor-top-section elementor-element elementor-element-79b1a569 elementor-section-height-min-height elementor-section-boxed elementor-section-height-default elementor-section-items-middle\" data-id=\"79b1a569\" data-element_type=\"section\" data-e-type=\"section\" data-settings=\"{&quot;background_background&quot;:&quot;classic&quot;,&quot;background_motion_fx_motion_fx_scrolling&quot;:&quot;yes&quot;,&quot;background_motion_fx_translateY_effect&quot;:&quot;yes&quot;,&quot;background_motion_fx_translateY_direction&quot;:&quot;negative&quot;,&quot;background_motion_fx_translateY_speed&quot;:{&quot;unit&quot;:&quot;px&quot;,&quot;size&quot;:&quot;1&quot;,&quot;sizes&quot;:[]},&quot;background_motion_fx_translateY_affectedRange&quot;:{&quot;unit&quot;:&quot;%&quot;,&quot;size&quot;:&quot;&quot;,&quot;sizes&quot;:{&quot;start&quot;:0,&quot;end&quot;:100}},&quot;background_motion_fx_devices&quot;:[&quot;desktop&quot;,&quot;tablet&quot;,&quot;mobile&quot;]}\">\n\t\t\t\t\t\t<div class=\"elementor-container elementor-column-gap-default\">\n\t\t\t\t\t<div class=\"elementor-column elementor-col-100 elementor-top-column elementor-element elementor-element-49ae3d09\" data-id=\"49ae3d09\" data-element_type=\"column\" data-e-type=\"column\">\n\t\t\t<div class=\"elementor-widget-wrap elementor-element-populated\">\n\t\t\t\t\t\t<div class=\"elementor-element elementor-element-32f830a0 elementor-widget elementor-widget-heading\" data-id=\"32f830a0\" data-element_type=\"widget\" data-e-type=\"widget\" data-widget_type=\"heading.default\">\n\t\t\t\t<div class=\"elementor-widget-container\">\n\t\t\t\t\t<h1 class=\"elementor-heading-title elementor-size-default\">Notre restaurant<\/h1>\t\t\t\t<\/div>\n\t\t\t\t<\/div>\n\t\t\t\t<div class=\"elementor-element elementor-element-7c547f38 elementor-widget elementor-widget-text-editor\" data-id=\"7c547f38\" data-element_type=\"widget\" data-e-type=\"widget\" data-widget_type=\"text-editor.default\">\n\t\t\t\t<div class=\"elementor-widget-container\">\n\t\t\t\t\t\t\t\t\t<p>Bienvenue chez Opcanner Anker, o\u00f9 nous servons une cuisine d\u00e9licieuse dans une atmosph\u00e8re d\u00e9tendue et accueillante. Notre menu propose une vari\u00e9t\u00e9 de plats pr\u00e9par\u00e9s avec des ingr\u00e9dients frais et de qualit\u00e9, savamment pr\u00e9par\u00e9s par nos chefs exp\u00e9riment\u00e9s. Que vous ayez envie d'un repas copieux, d'une collation l\u00e9g\u00e8re ou de quelque chose entre les deux, nous avons quelque chose pour tout le monde.<\/p><p>En plus de notre d\u00e9licieuse cuisine, nous proposons \u00e9galement une s\u00e9lection de boissons rafra\u00eechissantes, notamment du vin, de la bi\u00e8re et des cocktails maison. Et avec notre ambiance chaleureuse et notre personnel amical, vous \u00eates assur\u00e9 de vivre une exp\u00e9rience culinaire m\u00e9morable \u00e0 chaque visite.<\/p><p>Pourquoi attendre? Venez nous rendre visite aujourd'hui et go\u00fbtez la diff\u00e9rence que seul Opcanner Anker peut offrir. Nous avons h\u00e2te de vous servir!<\/p>\t\t\t\t\t\t\t\t<\/div>\n\t\t\t\t<\/div>\n\t\t\t\t\t<\/div>\n\t\t<\/div>\n\t\t\t\t\t<\/div>\n\t\t<\/section>\n\t\t\t\t<section class=\"elementor-section elementor-top-section elementor-element elementor-element-3b0d2ad elementor-section-boxed elementor-section-height-default elementor-section-height-default\" data-id=\"3b0d2ad\" data-element_type=\"section\" data-e-type=\"section\">\n\t\t\t\t\t\t<div class=\"elementor-container elementor-column-gap-default\">\n\t\t\t\t\t<div class=\"elementor-column elementor-col-100 elementor-top-column elementor-element elementor-element-1721fe1\" data-id=\"1721fe1\" data-element_type=\"column\" data-e-type=\"column\">\n\t\t\t<div class=\"elementor-widget-wrap elementor-element-populated\">\n\t\t\t\t\t\t<div class=\"elementor-element elementor-element-7e34070 elementor-widget elementor-widget-spacer\" data-id=\"7e34070\" data-element_type=\"widget\" data-e-type=\"widget\" data-widget_type=\"spacer.default\">\n\t\t\t\t<div class=\"elementor-widget-container\">\n\t\t\t\t\t\t\t<div class=\"elementor-spacer\">\n\t\t\t<div class=\"elementor-spacer-inner\"><\/div>\n\t\t<\/div>\n\t\t\t\t\t\t<\/div>\n\t\t\t\t<\/div>\n\t\t\t\t<div class=\"elementor-element elementor-element-2ef1b32 gallery-spacing-custom elementor-widget elementor-widget-image-gallery\" data-id=\"2ef1b32\" data-element_type=\"widget\" data-e-type=\"widget\" data-widget_type=\"image-gallery.default\">\n\t\t\t\t<div class=\"elementor-widget-container\">\n\t\t\t\t\t\t\t<div class=\"elementor-image-gallery\">\n\t\t\t<div id='gallery-1' class='gallery galleryid-75 gallery-columns-4 gallery-size-medium'><figure class='gallery-item'>\n\t\t\t<div class='gallery-icon landscape'>\n\t\t\t\t<a data-elementor-open-lightbox=\"yes\" data-elementor-lightbox-slideshow=\"2ef1b32\" data-elementor-lightbox-title=\"DSC_9627\" data-e-action-hash=\"#elementor-action%3Aaction%3Dlightbox%26settings%3DeyJpZCI6MzE3LCJ1cmwiOiJodHRwczpcL1wvb3BjYW5uZXItYW5rZXIuYmVcL3dwLWNvbnRlbnRcL3VwbG9hZHNcLzIwMjNcLzAyXC9EU0NfOTYyNy1zY2FsZWQuanBnIiwic2xpZGVzaG93IjoiMmVmMWIzMiJ9\" href='https:\/\/opcanner-anker.be\/wp-content\/uploads\/2023\/02\/DSC_9627-scaled.jpg'><img fetchpriority=\"high\" decoding=\"async\" width=\"300\" height=\"200\" src=\"https:\/\/opcanner-anker.be\/wp-content\/uploads\/2023\/02\/DSC_9627-300x200.jpg\" class=\"attachment-medium size-medium\" alt=\"\" srcset=\"https:\/\/opcanner-anker.be\/wp-content\/uploads\/2023\/02\/DSC_9627-300x200.jpg 300w, https:\/\/opcanner-anker.be\/wp-content\/uploads\/2023\/02\/DSC_9627-1024x683.jpg 1024w, https:\/\/opcanner-anker.be\/wp-content\/uploads\/2023\/02\/DSC_9627-768x513.jpg 768w, https:\/\/opcanner-anker.be\/wp-content\/uploads\/2023\/02\/DSC_9627-1536x1025.jpg 1536w, https:\/\/opcanner-anker.be\/wp-content\/uploads\/2023\/02\/DSC_9627-2048x1367.jpg 2048w\" sizes=\"(max-width: 300px) 100vw, 300px\" \/><\/a>\n\t\t\t<\/div><\/figure><figure class='gallery-item'>\n\t\t\t<div class='gallery-icon landscape'>\n\t\t\t\t<a data-elementor-open-lightbox=\"yes\" data-elementor-lightbox-slideshow=\"2ef1b32\" data-elementor-lightbox-title=\"DSC_9580\" data-e-action-hash=\"#elementor-action%3Aaction%3Dlightbox%26settings%3DeyJpZCI6Mjk3LCJ1cmwiOiJodHRwczpcL1wvb3BjYW5uZXItYW5rZXIuYmVcL3dwLWNvbnRlbnRcL3VwbG9hZHNcLzIwMjNcLzAyXC9EU0NfOTU4MC1zY2FsZWQuanBnIiwic2xpZGVzaG93IjoiMmVmMWIzMiJ9\" href='https:\/\/opcanner-anker.be\/wp-content\/uploads\/2023\/02\/DSC_9580-scaled.jpg'><img decoding=\"async\" width=\"300\" height=\"200\" src=\"https:\/\/opcanner-anker.be\/wp-content\/uploads\/2023\/02\/DSC_9580-300x200.jpg\" class=\"attachment-medium size-medium\" alt=\"\" srcset=\"https:\/\/opcanner-anker.be\/wp-content\/uploads\/2023\/02\/DSC_9580-300x200.jpg 300w, https:\/\/opcanner-anker.be\/wp-content\/uploads\/2023\/02\/DSC_9580-1024x683.jpg 1024w, https:\/\/opcanner-anker.be\/wp-content\/uploads\/2023\/02\/DSC_9580-768x513.jpg 768w, https:\/\/opcanner-anker.be\/wp-content\/uploads\/2023\/02\/DSC_9580-1536x1025.jpg 1536w, https:\/\/opcanner-anker.be\/wp-content\/uploads\/2023\/02\/DSC_9580-2048x1367.jpg 2048w\" sizes=\"(max-width: 300px) 100vw, 300px\" \/><\/a>\n\t\t\t<\/div><\/figure><figure class='gallery-item'>\n\t\t\t<div class='gallery-icon landscape'>\n\t\t\t\t<a data-elementor-open-lightbox=\"yes\" data-elementor-lightbox-slideshow=\"2ef1b32\" data-elementor-lightbox-title=\"Bewerkte foto 2 (bar)\" data-e-action-hash=\"#elementor-action%3Aaction%3Dlightbox%26settings%3DeyJpZCI6MjcxLCJ1cmwiOiJodHRwczpcL1wvb3BjYW5uZXItYW5rZXIuYmVcL3dwLWNvbnRlbnRcL3VwbG9hZHNcLzIwMjNcLzAyXC9CZXdlcmt0ZS1mb3RvLTItYmFyLXNjYWxlZC5qcGciLCJzbGlkZXNob3ciOiIyZWYxYjMyIn0%3D\" href='https:\/\/opcanner-anker.be\/wp-content\/uploads\/2023\/02\/Bewerkte-foto-2-bar-scaled.jpg'><img decoding=\"async\" width=\"300\" height=\"200\" src=\"https:\/\/opcanner-anker.be\/wp-content\/uploads\/2023\/02\/Bewerkte-foto-2-bar-300x200.jpg\" class=\"attachment-medium size-medium\" alt=\"\" srcset=\"https:\/\/opcanner-anker.be\/wp-content\/uploads\/2023\/02\/Bewerkte-foto-2-bar-300x200.jpg 300w, https:\/\/opcanner-anker.be\/wp-content\/uploads\/2023\/02\/Bewerkte-foto-2-bar-1024x683.jpg 1024w, https:\/\/opcanner-anker.be\/wp-content\/uploads\/2023\/02\/Bewerkte-foto-2-bar-768x513.jpg 768w, https:\/\/opcanner-anker.be\/wp-content\/uploads\/2023\/02\/Bewerkte-foto-2-bar-1536x1025.jpg 1536w, https:\/\/opcanner-anker.be\/wp-content\/uploads\/2023\/02\/Bewerkte-foto-2-bar-2048x1367.jpg 2048w\" sizes=\"(max-width: 300px) 100vw, 300px\" \/><\/a>\n\t\t\t<\/div><\/figure><figure class='gallery-item'>\n\t\t\t<div class='gallery-icon landscape'>\n\t\t\t\t<a data-elementor-open-lightbox=\"yes\" data-elementor-lightbox-slideshow=\"2ef1b32\" data-elementor-lightbox-title=\"DSC_9592\" data-e-action-hash=\"#elementor-action%3Aaction%3Dlightbox%26settings%3DeyJpZCI6MjcwLCJ1cmwiOiJodHRwczpcL1wvb3BjYW5uZXItYW5rZXIuYmVcL3dwLWNvbnRlbnRcL3VwbG9hZHNcLzIwMjNcLzAyXC9EU0NfOTU5Mi1zY2FsZWQuanBnIiwic2xpZGVzaG93IjoiMmVmMWIzMiJ9\" href='https:\/\/opcanner-anker.be\/wp-content\/uploads\/2023\/02\/DSC_9592-scaled.jpg'><img loading=\"lazy\" decoding=\"async\" width=\"300\" height=\"200\" src=\"https:\/\/opcanner-anker.be\/wp-content\/uploads\/2023\/02\/DSC_9592-300x200.jpg\" class=\"attachment-medium size-medium\" alt=\"\" srcset=\"https:\/\/opcanner-anker.be\/wp-content\/uploads\/2023\/02\/DSC_9592-300x200.jpg 300w, https:\/\/opcanner-anker.be\/wp-content\/uploads\/2023\/02\/DSC_9592-1024x683.jpg 1024w, https:\/\/opcanner-anker.be\/wp-content\/uploads\/2023\/02\/DSC_9592-768x513.jpg 768w, https:\/\/opcanner-anker.be\/wp-content\/uploads\/2023\/02\/DSC_9592-1536x1025.jpg 1536w, https:\/\/opcanner-anker.be\/wp-content\/uploads\/2023\/02\/DSC_9592-2048x1367.jpg 2048w\" sizes=\"(max-width: 300px) 100vw, 300px\" \/><\/a>\n\t\t\t<\/div><\/figure><figure class='gallery-item'>\n\t\t\t<div class='gallery-icon landscape'>\n\t\t\t\t<a data-elementor-open-lightbox=\"yes\" data-elementor-lightbox-slideshow=\"2ef1b32\" data-elementor-lightbox-title=\"Bewerkte foto 1 (zaal)\" data-e-action-hash=\"#elementor-action%3Aaction%3Dlightbox%26settings%3DeyJpZCI6MjI3LCJ1cmwiOiJodHRwczpcL1wvb3BjYW5uZXItYW5rZXIuYmVcL3dwLWNvbnRlbnRcL3VwbG9hZHNcLzIwMjNcLzAyXC9CZXdlcmt0ZS1mb3RvLTEtemFhbC1zY2FsZWQuanBnIiwic2xpZGVzaG93IjoiMmVmMWIzMiJ9\" href='https:\/\/opcanner-anker.be\/wp-content\/uploads\/2023\/02\/Bewerkte-foto-1-zaal-scaled.jpg'><img loading=\"lazy\" decoding=\"async\" width=\"300\" height=\"200\" src=\"https:\/\/opcanner-anker.be\/wp-content\/uploads\/2023\/02\/Bewerkte-foto-1-zaal-300x200.jpg\" class=\"attachment-medium size-medium\" alt=\"\" srcset=\"https:\/\/opcanner-anker.be\/wp-content\/uploads\/2023\/02\/Bewerkte-foto-1-zaal-300x200.jpg 300w, https:\/\/opcanner-anker.be\/wp-content\/uploads\/2023\/02\/Bewerkte-foto-1-zaal-1024x683.jpg 1024w, https:\/\/opcanner-anker.be\/wp-content\/uploads\/2023\/02\/Bewerkte-foto-1-zaal-768x513.jpg 768w, https:\/\/opcanner-anker.be\/wp-content\/uploads\/2023\/02\/Bewerkte-foto-1-zaal-1536x1025.jpg 1536w, https:\/\/opcanner-anker.be\/wp-content\/uploads\/2023\/02\/Bewerkte-foto-1-zaal-2048x1367.jpg 2048w\" sizes=\"(max-width: 300px) 100vw, 300px\" \/><\/a>\n\t\t\t<\/div><\/figure><figure class='gallery-item'>\n\t\t\t<div class='gallery-icon portrait'>\n\t\t\t\t<a data-elementor-open-lightbox=\"yes\" data-elementor-lightbox-slideshow=\"2ef1b32\" data-elementor-lightbox-title=\"Gerichte (30)\" data-e-action-hash=\"#elementor-action%3Aaction%3Dlightbox%26settings%3DeyJpZCI6Mzg5LCJ1cmwiOiJodHRwczpcL1wvb3BjYW5uZXItYW5rZXIuYmVcL3dwLWNvbnRlbnRcL3VwbG9hZHNcLzIwMjNcLzAyXC9HZXJpY2h0ZS0zMC5qcGVnIiwic2xpZGVzaG93IjoiMmVmMWIzMiJ9\" href='https:\/\/opcanner-anker.be\/wp-content\/uploads\/2023\/02\/Gerichte-30.jpeg'><img loading=\"lazy\" decoding=\"async\" width=\"236\" height=\"300\" src=\"https:\/\/opcanner-anker.be\/wp-content\/uploads\/2023\/02\/Gerichte-30-236x300.jpeg\" class=\"attachment-medium size-medium\" alt=\"\" srcset=\"https:\/\/opcanner-anker.be\/wp-content\/uploads\/2023\/02\/Gerichte-30-236x300.jpeg 236w, https:\/\/opcanner-anker.be\/wp-content\/uploads\/2023\/02\/Gerichte-30.jpeg 552w\" sizes=\"(max-width: 236px) 100vw, 236px\" \/><\/a>\n\t\t\t<\/div><\/figure><figure class='gallery-item'>\n\t\t\t<div class='gallery-icon landscape'>\n\t\t\t\t<a data-elementor-open-lightbox=\"yes\" data-elementor-lightbox-slideshow=\"2ef1b32\" data-elementor-lightbox-title=\"Gerichte (21)\" data-e-action-hash=\"#elementor-action%3Aaction%3Dlightbox%26settings%3DeyJpZCI6MzgwLCJ1cmwiOiJodHRwczpcL1wvb3BjYW5uZXItYW5rZXIuYmVcL3dwLWNvbnRlbnRcL3VwbG9hZHNcLzIwMjNcLzAyXC9HZXJpY2h0ZS0yMS5qcGVnIiwic2xpZGVzaG93IjoiMmVmMWIzMiJ9\" href='https:\/\/opcanner-anker.be\/wp-content\/uploads\/2023\/02\/Gerichte-21.jpeg'><img loading=\"lazy\" decoding=\"async\" width=\"300\" height=\"300\" src=\"https:\/\/opcanner-anker.be\/wp-content\/uploads\/2023\/02\/Gerichte-21-300x300.jpeg\" class=\"attachment-medium size-medium\" alt=\"\" srcset=\"https:\/\/opcanner-anker.be\/wp-content\/uploads\/2023\/02\/Gerichte-21-300x300.jpeg 300w, https:\/\/opcanner-anker.be\/wp-content\/uploads\/2023\/02\/Gerichte-21-1024x1024.jpeg 1024w, https:\/\/opcanner-anker.be\/wp-content\/uploads\/2023\/02\/Gerichte-21-150x150.jpeg 150w, https:\/\/opcanner-anker.be\/wp-content\/uploads\/2023\/02\/Gerichte-21-768x768.jpeg 768w, https:\/\/opcanner-anker.be\/wp-content\/uploads\/2023\/02\/Gerichte-21-1536x1536.jpeg 1536w, https:\/\/opcanner-anker.be\/wp-content\/uploads\/2023\/02\/Gerichte-21.jpeg 2048w\" sizes=\"(max-width: 300px) 100vw, 300px\" \/><\/a>\n\t\t\t<\/div><\/figure><figure class='gallery-item'>\n\t\t\t<div class='gallery-icon landscape'>\n\t\t\t\t<a data-elementor-open-lightbox=\"yes\" data-elementor-lightbox-slideshow=\"2ef1b32\" data-elementor-lightbox-title=\"Gerichte (18)\" data-e-action-hash=\"#elementor-action%3Aaction%3Dlightbox%26settings%3DeyJpZCI6Mzc3LCJ1cmwiOiJodHRwczpcL1wvb3BjYW5uZXItYW5rZXIuYmVcL3dwLWNvbnRlbnRcL3VwbG9hZHNcLzIwMjNcLzAyXC9HZXJpY2h0ZS0xOC5qcGVnIiwic2xpZGVzaG93IjoiMmVmMWIzMiJ9\" href='https:\/\/opcanner-anker.be\/wp-content\/uploads\/2023\/02\/Gerichte-18.jpeg'><img loading=\"lazy\" decoding=\"async\" width=\"300\" height=\"300\" src=\"https:\/\/opcanner-anker.be\/wp-content\/uploads\/2023\/02\/Gerichte-18-300x300.jpeg\" class=\"attachment-medium size-medium\" alt=\"\" srcset=\"https:\/\/opcanner-anker.be\/wp-content\/uploads\/2023\/02\/Gerichte-18-300x300.jpeg 300w, https:\/\/opcanner-anker.be\/wp-content\/uploads\/2023\/02\/Gerichte-18-1024x1024.jpeg 1024w, https:\/\/opcanner-anker.be\/wp-content\/uploads\/2023\/02\/Gerichte-18-150x150.jpeg 150w, https:\/\/opcanner-anker.be\/wp-content\/uploads\/2023\/02\/Gerichte-18-768x768.jpeg 768w, https:\/\/opcanner-anker.be\/wp-content\/uploads\/2023\/02\/Gerichte-18-1536x1536.jpeg 1536w, https:\/\/opcanner-anker.be\/wp-content\/uploads\/2023\/02\/Gerichte-18.jpeg 2048w\" sizes=\"(max-width: 300px) 100vw, 300px\" \/><\/a>\n\t\t\t<\/div><\/figure>\n\t\t<\/div>\n\t\t<\/div>\n\t\t\t\t\t\t<\/div>\n\t\t\t\t<\/div>\n\t\t\t\t\t<\/div>\n\t\t<\/div>\n\t\t\t\t\t<\/div>\n\t\t<\/section>\n\t\t\t\t<\/div>","protected":false},"excerpt":{"rendered":"<p>Ons Restaurant Welkom bij Opcanner Anker, waar we heerlijke gerechten serveren in een ontspannen en uitnodigende sfeer. Onze menukaart biedt een verscheidenheid aan gerechten gemaakt met verse, hoogwaardige ingredi\u00ebnten, vakkundig bereid door onze ervaren koks. Of je nu zin hebt in een stevige maaltijd, een lichte snack of iets daartussenin, wij hebben voor ieder wat [&hellip;]<\/p>","protected":false},"author":1,"featured_media":759,"parent":0,"menu_order":0,"comment_status":"closed","ping_status":"closed","template":"","meta":{"inline_featured_image":false,"footnotes":""},"class_list":["post-75","page","type-page","status-publish","has-post-thumbnail","hentry"],"yoast_head":"<!-- This site is optimized with the Yoast SEO plugin v27.5 - https:\/\/yoast.com\/product\/yoast-seo-wordpress\/ -->\n<title>Over Ons - Opcanner Anker<\/title>\n<meta name=\"description\" content=\"Ontdek ons restaurant in Kanne en maak kennis met ons team. Bij Opcanner Anker staan we voor kwaliteit, versheid en gastvrijheid.\" \/>\n<meta name=\"robots\" content=\"index, follow, max-snippet:-1, max-image-preview:large, max-video-preview:-1\" \/>\n<link rel=\"canonical\" href=\"https:\/\/opcanner-anker.be\/fr\/over-ons\/\" \/>\n<meta property=\"og:locale\" content=\"fr_FR\" \/>\n<meta property=\"og:type\" content=\"article\" \/>\n<meta property=\"og:title\" content=\"Over Ons - Opcanner Anker\" \/>\n<meta property=\"og:description\" content=\"Ontdek ons restaurant in Kanne en maak kennis met ons team. Bij Opcanner Anker staan we voor kwaliteit, versheid en gastvrijheid.\" \/>\n<meta property=\"og:url\" content=\"https:\/\/opcanner-anker.be\/fr\/over-ons\/\" \/>\n<meta property=\"og:site_name\" content=\"Opcanner Anker\" \/>\n<meta property=\"article:publisher\" content=\"https:\/\/www.facebook.com\/Opcanneranker.be\/\" \/>\n<meta property=\"article:modified_time\" content=\"2024-02-07T03:07:15+00:00\" \/>\n<meta property=\"og:image\" content=\"https:\/\/opcanner-anker.be\/wp-content\/uploads\/2023\/03\/overons.png\" \/>\n\t<meta property=\"og:image:width\" content=\"1319\" \/>\n\t<meta property=\"og:image:height\" content=\"917\" \/>\n\t<meta property=\"og:image:type\" content=\"image\/png\" \/>\n<meta name=\"twitter:card\" content=\"summary_large_image\" \/>\n<meta name=\"twitter:title\" content=\"Over Ons - Opcanner Anker\" \/>\n<meta name=\"twitter:description\" content=\"Ontdek ons restaurant in Kanne en maak kennis met ons team. Bij Opcanner Anker staan we voor kwaliteit, versheid en gastvrijheid.\" \/>\n<meta name=\"twitter:image\" content=\"https:\/\/opcanner-anker.be\/wp-content\/uploads\/2023\/03\/overons.png\" \/>\n<meta name=\"twitter:label1\" content=\"Dur\u00e9e de lecture est.\" \/>\n\t<meta name=\"twitter:data1\" content=\"3 minutes\" \/>\n<script type=\"application\/ld+json\" class=\"yoast-schema-graph\">{\"@context\":\"https:\\\/\\\/schema.org\",\"@graph\":[{\"@type\":\"WebPage\",\"@id\":\"https:\\\/\\\/opcanner-anker.be\\\/over-ons\\\/\",\"url\":\"https:\\\/\\\/opcanner-anker.be\\\/over-ons\\\/\",\"name\":\"Over Ons - Opcanner Anker\",\"isPartOf\":{\"@id\":\"https:\\\/\\\/opcanner-anker.be\\\/#website\"},\"primaryImageOfPage\":{\"@id\":\"https:\\\/\\\/opcanner-anker.be\\\/over-ons\\\/#primaryimage\"},\"image\":{\"@id\":\"https:\\\/\\\/opcanner-anker.be\\\/over-ons\\\/#primaryimage\"},\"thumbnailUrl\":\"https:\\\/\\\/opcanner-anker.be\\\/wp-content\\\/uploads\\\/2023\\\/03\\\/overons.png\",\"datePublished\":\"2023-02-27T12:39:37+00:00\",\"dateModified\":\"2024-02-07T03:07:15+00:00\",\"description\":\"Ontdek ons restaurant in Kanne en maak kennis met ons team. Bij Opcanner Anker staan we voor kwaliteit, versheid en gastvrijheid.\",\"breadcrumb\":{\"@id\":\"https:\\\/\\\/opcanner-anker.be\\\/over-ons\\\/#breadcrumb\"},\"inLanguage\":\"fr-BE\",\"potentialAction\":[{\"@type\":\"ReadAction\",\"target\":[\"https:\\\/\\\/opcanner-anker.be\\\/over-ons\\\/\"]}]},{\"@type\":\"ImageObject\",\"inLanguage\":\"fr-BE\",\"@id\":\"https:\\\/\\\/opcanner-anker.be\\\/over-ons\\\/#primaryimage\",\"url\":\"https:\\\/\\\/opcanner-anker.be\\\/wp-content\\\/uploads\\\/2023\\\/03\\\/overons.png\",\"contentUrl\":\"https:\\\/\\\/opcanner-anker.be\\\/wp-content\\\/uploads\\\/2023\\\/03\\\/overons.png\",\"width\":1319,\"height\":917},{\"@type\":\"BreadcrumbList\",\"@id\":\"https:\\\/\\\/opcanner-anker.be\\\/over-ons\\\/#breadcrumb\",\"itemListElement\":[{\"@type\":\"ListItem\",\"position\":1,\"name\":\"Home\",\"item\":\"https:\\\/\\\/opcanner-anker.be\\\/\"},{\"@type\":\"ListItem\",\"position\":2,\"name\":\"Over Ons\"}]},{\"@type\":\"WebSite\",\"@id\":\"https:\\\/\\\/opcanner-anker.be\\\/#website\",\"url\":\"https:\\\/\\\/opcanner-anker.be\\\/\",\"name\":\"Opcanner Anker\",\"description\":\"Caf\u00e9 &amp; Restaurant\",\"publisher\":{\"@id\":\"https:\\\/\\\/opcanner-anker.be\\\/#organization\"},\"potentialAction\":[{\"@type\":\"SearchAction\",\"target\":{\"@type\":\"EntryPoint\",\"urlTemplate\":\"https:\\\/\\\/opcanner-anker.be\\\/?s={search_term_string}\"},\"query-input\":{\"@type\":\"PropertyValueSpecification\",\"valueRequired\":true,\"valueName\":\"search_term_string\"}}],\"inLanguage\":\"fr-BE\"},{\"@type\":\"Organization\",\"@id\":\"https:\\\/\\\/opcanner-anker.be\\\/#organization\",\"name\":\"Opcanner Anker\",\"url\":\"https:\\\/\\\/opcanner-anker.be\\\/\",\"logo\":{\"@type\":\"ImageObject\",\"inLanguage\":\"fr-BE\",\"@id\":\"https:\\\/\\\/opcanner-anker.be\\\/#\\\/schema\\\/logo\\\/image\\\/\",\"url\":\"https:\\\/\\\/opcanner-anker.be\\\/wp-content\\\/uploads\\\/2023\\\/02\\\/Opcanner-Anker-Logo-Svg.svg\",\"contentUrl\":\"https:\\\/\\\/opcanner-anker.be\\\/wp-content\\\/uploads\\\/2023\\\/02\\\/Opcanner-Anker-Logo-Svg.svg\",\"width\":512,\"height\":512,\"caption\":\"Opcanner Anker\"},\"image\":{\"@id\":\"https:\\\/\\\/opcanner-anker.be\\\/#\\\/schema\\\/logo\\\/image\\\/\"},\"sameAs\":[\"https:\\\/\\\/www.facebook.com\\\/Opcanneranker.be\\\/\",\"https:\\\/\\\/www.linkedin.com\\\/company\\\/caf-restaurant-opcanner-anker\\\/\"]}]}<\/script>\n<!-- \/ Yoast SEO plugin. -->","yoast_head_json":{"title":"Over Ons - Opcanner Anker","description":"Ontdek ons restaurant in Kanne en maak kennis met ons team. Bij Opcanner Anker staan we voor kwaliteit, versheid en gastvrijheid.","robots":{"index":"index","follow":"follow","max-snippet":"max-snippet:-1","max-image-preview":"max-image-preview:large","max-video-preview":"max-video-preview:-1"},"canonical":"https:\/\/opcanner-anker.be\/fr\/over-ons\/","og_locale":"fr_FR","og_type":"article","og_title":"Over Ons - Opcanner Anker","og_description":"Ontdek ons restaurant in Kanne en maak kennis met ons team. Bij Opcanner Anker staan we voor kwaliteit, versheid en gastvrijheid.","og_url":"https:\/\/opcanner-anker.be\/fr\/over-ons\/","og_site_name":"Opcanner Anker","article_publisher":"https:\/\/www.facebook.com\/Opcanneranker.be\/","article_modified_time":"2024-02-07T03:07:15+00:00","og_image":[{"width":1319,"height":917,"url":"https:\/\/opcanner-anker.be\/wp-content\/uploads\/2023\/03\/overons.png","type":"image\/png"}],"twitter_card":"summary_large_image","twitter_title":"Over Ons - Opcanner Anker","twitter_description":"Ontdek ons restaurant in Kanne en maak kennis met ons team. Bij Opcanner Anker staan we voor kwaliteit, versheid en gastvrijheid.","twitter_image":"https:\/\/opcanner-anker.be\/wp-content\/uploads\/2023\/03\/overons.png","twitter_misc":{"Dur\u00e9e de lecture est.":"3 minutes"},"schema":{"@context":"https:\/\/schema.org","@graph":[{"@type":"WebPage","@id":"https:\/\/opcanner-anker.be\/over-ons\/","url":"https:\/\/opcanner-anker.be\/over-ons\/","name":"Over Ons - Opcanner Anker","isPartOf":{"@id":"https:\/\/opcanner-anker.be\/#website"},"primaryImageOfPage":{"@id":"https:\/\/opcanner-anker.be\/over-ons\/#primaryimage"},"image":{"@id":"https:\/\/opcanner-anker.be\/over-ons\/#primaryimage"},"thumbnailUrl":"https:\/\/opcanner-anker.be\/wp-content\/uploads\/2023\/03\/overons.png","datePublished":"2023-02-27T12:39:37+00:00","dateModified":"2024-02-07T03:07:15+00:00","description":"Ontdek ons restaurant in Kanne en maak kennis met ons team. Bij Opcanner Anker staan we voor kwaliteit, versheid en gastvrijheid.","breadcrumb":{"@id":"https:\/\/opcanner-anker.be\/over-ons\/#breadcrumb"},"inLanguage":"fr-BE","potentialAction":[{"@type":"ReadAction","target":["https:\/\/opcanner-anker.be\/over-ons\/"]}]},{"@type":"ImageObject","inLanguage":"fr-BE","@id":"https:\/\/opcanner-anker.be\/over-ons\/#primaryimage","url":"https:\/\/opcanner-anker.be\/wp-content\/uploads\/2023\/03\/overons.png","contentUrl":"https:\/\/opcanner-anker.be\/wp-content\/uploads\/2023\/03\/overons.png","width":1319,"height":917},{"@type":"BreadcrumbList","@id":"https:\/\/opcanner-anker.be\/over-ons\/#breadcrumb","itemListElement":[{"@type":"ListItem","position":1,"name":"Home","item":"https:\/\/opcanner-anker.be\/"},{"@type":"ListItem","position":2,"name":"Over Ons"}]},{"@type":"WebSite","@id":"https:\/\/opcanner-anker.be\/#website","url":"https:\/\/opcanner-anker.be\/","name":"Opcanner Anker","description":"Caf\u00e9 &amp; Restaurant","publisher":{"@id":"https:\/\/opcanner-anker.be\/#organization"},"potentialAction":[{"@type":"SearchAction","target":{"@type":"EntryPoint","urlTemplate":"https:\/\/opcanner-anker.be\/?s={search_term_string}"},"query-input":{"@type":"PropertyValueSpecification","valueRequired":true,"valueName":"search_term_string"}}],"inLanguage":"fr-BE"},{"@type":"Organization","@id":"https:\/\/opcanner-anker.be\/#organization","name":"Opcanner Anker","url":"https:\/\/opcanner-anker.be\/","logo":{"@type":"ImageObject","inLanguage":"fr-BE","@id":"https:\/\/opcanner-anker.be\/#\/schema\/logo\/image\/","url":"https:\/\/opcanner-anker.be\/wp-content\/uploads\/2023\/02\/Opcanner-Anker-Logo-Svg.svg","contentUrl":"https:\/\/opcanner-anker.be\/wp-content\/uploads\/2023\/02\/Opcanner-Anker-Logo-Svg.svg","width":512,"height":512,"caption":"Opcanner Anker"},"image":{"@id":"https:\/\/opcanner-anker.be\/#\/schema\/logo\/image\/"},"sameAs":["https:\/\/www.facebook.com\/Opcanneranker.be\/","https:\/\/www.linkedin.com\/company\/caf-restaurant-opcanner-anker\/"]}]}},"_links":{"self":[{"href":"https:\/\/opcanner-anker.be\/fr\/wp-json\/wp\/v2\/pages\/75","targetHints":{"allow":["GET"]}}],"collection":[{"href":"https:\/\/opcanner-anker.be\/fr\/wp-json\/wp\/v2\/pages"}],"about":[{"href":"https:\/\/opcanner-anker.be\/fr\/wp-json\/wp\/v2\/types\/page"}],"author":[{"embeddable":true,"href":"https:\/\/opcanner-anker.be\/fr\/wp-json\/wp\/v2\/users\/1"}],"replies":[{"embeddable":true,"href":"https:\/\/opcanner-anker.be\/fr\/wp-json\/wp\/v2\/comments?post=75"}],"version-history":[{"count":26,"href":"https:\/\/opcanner-anker.be\/fr\/wp-json\/wp\/v2\/pages\/75\/revisions"}],"predecessor-version":[{"id":905,"href":"https:\/\/opcanner-anker.be\/fr\/wp-json\/wp\/v2\/pages\/75\/revisions\/905"}],"wp:featuredmedia":[{"embeddable":true,"href":"https:\/\/opcanner-anker.be\/fr\/wp-json\/wp\/v2\/media\/759"}],"wp:attachment":[{"href":"https:\/\/opcanner-anker.be\/fr\/wp-json\/wp\/v2\/media?parent=75"}],"curies":[{"name":"wp","href":"https:\/\/api.w.org\/{rel}","templated":true}]}}